{"id":2,"date":"2016-05-10T03:48:21","date_gmt":"2016-05-10T03:48:21","guid":{"rendered":"http:\/\/himmelweit-band.de\/?page_id=2"},"modified":"2023-04-24T16:41:49","modified_gmt":"2023-04-24T16:41:49","slug":"sample-page","status":"publish","type":"page","link":"https:\/\/himmelweit-band.de\/","title":{"rendered":"Wer Wir Sind"},"content":{"rendered":"<div class=\"wp-block-image\">\n<figure class=\"alignright size-large is-resized\"><a href=\"https:\/\/www.ekiwiesloch.de\/content\/\"><img decoding=\"async\" loading=\"lazy\" src=\"http:\/\/himmelweit-band.de\/wp-content\/uploads\/2020\/05\/Logo-Gemeinde-1024x736.jpg\" alt=\"\" class=\"wp-image-124\" width=\"253\" height=\"182\" srcset=\"https:\/\/himmelweit-band.de\/wp-content\/uploads\/2020\/05\/Logo-Gemeinde-1024x736.jpg 1024w, https:\/\/himmelweit-band.de\/wp-content\/uploads\/2020\/05\/Logo-Gemeinde-300x215.jpg 300w, https:\/\/himmelweit-band.de\/wp-content\/uploads\/2020\/05\/Logo-Gemeinde-768x552.jpg 768w, https:\/\/himmelweit-band.de\/wp-content\/uploads\/2020\/05\/Logo-Gemeinde-1536x1103.jpg 1536w, https:\/\/himmelweit-band.de\/wp-content\/uploads\/2020\/05\/Logo-Gemeinde.jpg 2048w\" sizes=\"(max-width: 253px) 100vw, 253px\" \/><\/a><\/figure><\/div>\n\n<p>Die himmelweit-Band besteht seit Anfang 2017.<\/p>\n<p>Unsere derzeit etwa zehn Mitglieder und G\u00e4ste geh\u00f6ren allen Altersgruppen an und kommen aus der Stadt Wiesloch und der n\u00e4heren Umgebung.<\/p>\n<p>Wir verstehen uns in erster Linie als Begleitband f\u00fcr die himmelweit-Gottesdienste, stehen aber auch f\u00fcr Konzerte, Gottesdienste oder andere Anl\u00e4sse zur Verf\u00fcgung.<\/p>\n<p>Etwa alle sechs bis acht Wochen unterst\u00fctzen wir den himmelweit-Gottesdienst im Gemeindezentrum in Wiesloch (Friedrichstra\u00dfe 5).\u00a0\u00a0\u00a0\u00a0\u00a0\u00a0<\/p>\n<p>Projektbezogen gibt es auch eine Zusammenarbeit mit den anderen Musikgruppen der Kirchenmusik in Wiesloch und den Vereinen und Gemeinden in der Umgebung.\u00a0<\/p>\n\n\n<blockquote class=\"wp-block-quote has-text-align-center\"><p>Sie suchen uns? Melden Sie sich einfach und unkompliziert per Mail! <\/p><\/blockquote>\n\n\n\n<p><\/p>\n","protected":false},"excerpt":{"rendered":"<p>Die himmelweit-Band besteht seit Anfang 2017. Unsere derzeit etwa zehn Mitglieder und G\u00e4ste geh\u00f6ren allen Altersgruppen an und kommen aus der Stadt Wiesloch und der n\u00e4heren Umgebung. Wir verstehen uns in erster Linie als Begleitband f\u00fcr die himmelweit-Gottesdienste, stehen aber auch f\u00fcr Konzerte, Gottesdienste oder andere Anl\u00e4sse zur Verf\u00fcgung. Etwa alle sechs bis acht Wochen &hellip; <\/p>\n<p class=\"link-more\"><a href=\"https:\/\/himmelweit-band.de\/\" class=\"more-link\"><span class=\"screen-reader-text\">\u201eWer Wir Sind\u201c<\/span> weiterlesen<\/a><\/p>\n","protected":false},"author":1,"featured_media":0,"parent":0,"menu_order":0,"comment_status":"closed","ping_status":"open","template":"","meta":{"footnotes":""},"_links":{"self":[{"href":"https:\/\/himmelweit-band.de\/index.php?rest_route=\/wp\/v2\/pages\/2"}],"collection":[{"href":"https:\/\/himmelweit-band.de\/index.php?rest_route=\/wp\/v2\/pages"}],"about":[{"href":"https:\/\/himmelweit-band.de\/index.php?rest_route=\/wp\/v2\/types\/page"}],"author":[{"embeddable":true,"href":"https:\/\/himmelweit-band.de\/index.php?rest_route=\/wp\/v2\/users\/1"}],"replies":[{"embeddable":true,"href":"https:\/\/himmelweit-band.de\/index.php?rest_route=%2Fwp%2Fv2%2Fcomments&post=2"}],"version-history":[{"count":8,"href":"https:\/\/himmelweit-band.de\/index.php?rest_route=\/wp\/v2\/pages\/2\/revisions"}],"predecessor-version":[{"id":407,"href":"https:\/\/himmelweit-band.de\/index.php?rest_route=\/wp\/v2\/pages\/2\/revisions\/407"}],"wp:attachment":[{"href":"https:\/\/himmelweit-band.de\/index.php?rest_route=%2Fwp%2Fv2%2Fmedia&parent=2"}],"curies":[{"name":"wp","href":"https:\/\/api.w.org\/{rel}","templated":true}]}}